{"id":19307,"date":"2023-12-16T09:07:16","date_gmt":"2023-12-16T09:07:16","guid":{"rendered":"https:\/\/buy.williamscookstools.com\/?post_type=product&#038;p=19307"},"modified":"2026-04-29T01:25:42","modified_gmt":"2026-04-29T03:16:34","slug":"louis-vuitton-m46734-neonoe-bb-black-monogram-empreinte-studs","status":"publish","type":"product","link":"https:\/\/www.outletbag.us.com\/home\/product\/louis-vuitton-m46734-neonoe-bb-black-monogram-empreinte-studs\/","title":{"rendered":"Louis Vuitton M46734 N\u00e9ono\u00e9 BB Black Monogram Empreinte Studs"},"content":{"rendered":"<p>The N\u00e9oNo\u00e9 BB bucket bag features an edgy version of the Monogram pattern formed with studs, each coated with 0.25 microns of gold. This compact bag is just the right size for belongings like a phone, keys, and a wallet. There\u2019s a detachable top handle for hand and elbow carry as well as a removable shoulder strap.<\/p>\n<div class=\"lv-product-detailed-features\">\n<div>\n<div class=\"lv-product-dimension body-s lv-product-detailed-features__dimensions\"><bdo dir=\"ltr\">7.9 x 7.9 x 5.1\u00a0<\/bdo>inches<bdo dir=\"ltr\"><\/bdo><br \/>\n(length x Height x Width)<\/div>\n<div class=\"lv-product-detailed-features__description body-s\">\n<ul>\n<li>Black<\/li>\n<li>Monogram Empreinte grained cowhide leather with studs<\/li>\n<li>Cowhide-leather trim<\/li>\n<li>Microfiber lining<\/li>\n<li>Gold-color hardware<\/li>\n<li>Large inside central zipped pocket<\/li>\n<li>Strap:Removable, adjustable<\/li>\n<li>Strap drop: 13.0 inches<\/li>\n<li>Strap drop max: 22.0 inches<\/li>\n<li>Handle:Single, removable<\/li>\n<\/ul>\n<p>This reference is either Made in France, Spain, Italy or in the US.<\/p>\n<\/div>\n<\/div>\n<\/div>\n","protected":false},"excerpt":{"rendered":"<p>The N\u00e9oNo\u00e9 BB bucket bag features an edgy version of the Monogram pattern formed with studs, each coated with 0.25<\/p>\n","protected":false},"featured_media":19314,"template":"","meta":[],"product_brand":[],"product_cat":[349,348,369,397],"product_tag":[],"class_list":{"0":"post-19307","1":"product","2":"type-product","3":"status-publish","4":"has-post-thumbnail","6":"product_cat-best-sellers","7":"product_cat-classic-bags","8":"product_cat-neonoe-bag","9":"product_cat-new-arrivals","10":"pa_material-embossed-grained-cowhide-leather","12":"first","13":"instock","14":"sale","15":"shipping-taxable","16":"purchasable","17":"product-type-simple"},"yoast_head":"<!-- This site is optimized with the Yoast SEO Premium plugin v25.5 (Yoast SEO v27.1.1) - https:\/\/yoast.com\/product\/yoast-seo-premium-wordpress\/ -->\n<title>Outlet Louis Vuitton M46734 N\u00e9ono\u00e9 BB Black Monogram Empreinte Studs On Sale - Bags Outlet \u00ae<\/title>\n<meta name=\"description\" content=\"Get one of the hottest styles of the season! The Outlet Louis Vuitton M46734 N\u00e9ono\u00e9 BB Black Monogram Empreinte Studs is a top 10 member favorite on Outlet Louis Vuitton Online Store. Save on yours before they&#039;re sold out!\" \/>\n<meta name=\"robots\" content=\"index, follow, max-snippet:-1, max-image-preview:large, max-video-preview:-1\" \/>\n<link rel=\"canonical\" href=\"https:\/\/www.outletbag.us.com\/home\/product\/louis-vuitton-m46734-neonoe-bb-black-monogram-empreinte-studs\/\" \/>\n<meta property=\"og:locale\" content=\"en_US\" \/>\n<meta property=\"og:type\" content=\"article\" \/>\n<meta property=\"og:title\" content=\"Outlet Louis Vuitton M46734 N\u00e9ono\u00e9 BB Black Monogram Empreinte Studs On Sale - Bags Outlet \u00ae\" \/>\n<meta property=\"og:description\" content=\"Get one of the hottest styles of the season! The Outlet Louis Vuitton M46734 N\u00e9ono\u00e9 BB Black Monogram Empreinte Studs is a top 10 member favorite on Outlet Louis Vuitton Online Store. Save on yours before they&#039;re sold out!\" \/>\n<meta property=\"og:url\" content=\"https:\/\/www.outletbag.us.com\/home\/product\/louis-vuitton-m46734-neonoe-bb-black-monogram-empreinte-studs\/\" \/>\n<meta property=\"og:site_name\" content=\"Bags Outlet \u00ae\" \/>\n<meta property=\"article:modified_time\" content=\"2026-04-29T03:16:34+00:00\" \/>\n<meta property=\"og:image\" content=\"https:\/\/www.outletbag.us.com\/wp-content\/uploads\/2023\/12\/louis-vuitton-n_C3_A9ono_C3_A9-bb-monogram-empreinte-leather-handbags-M46734_PM2_Front_20view-scaled.jpg\" \/>\n\t<meta property=\"og:image:width\" content=\"2560\" \/>\n\t<meta property=\"og:image:height\" content=\"2560\" \/>\n\t<meta property=\"og:image:type\" content=\"image\/jpeg\" \/>\n<meta name=\"twitter:card\" content=\"summary_large_image\" \/>\n<script type=\"application\/ld+json\" class=\"yoast-schema-graph\">{\"@context\":\"https:\/\/schema.org\",\"@graph\":[{\"@type\":[\"WebPage\",\"ItemPage\"],\"@id\":\"https:\/\/www.outletbag.us.com\/home\/product\/louis-vuitton-m46734-neonoe-bb-black-monogram-empreinte-studs\/\",\"url\":\"https:\/\/www.outletbag.us.com\/home\/product\/louis-vuitton-m46734-neonoe-bb-black-monogram-empreinte-studs\/\",\"name\":\"Outlet Louis Vuitton M46734 N\u00e9ono\u00e9 BB Black Monogram Empreinte Studs On Sale - Bags Outlet \u00ae\",\"isPartOf\":{\"@id\":\"https:\/\/www.outletbag.shop\/shop\/#website\"},\"primaryImageOfPage\":{\"@id\":\"https:\/\/www.outletbag.us.com\/home\/product\/louis-vuitton-m46734-neonoe-bb-black-monogram-empreinte-studs\/#primaryimage\"},\"image\":{\"@id\":\"https:\/\/www.outletbag.us.com\/home\/product\/louis-vuitton-m46734-neonoe-bb-black-monogram-empreinte-studs\/#primaryimage\"},\"thumbnailUrl\":\"https:\/\/www.outletbag.us.com\/wp-content\/uploads\/2023\/12\/louis-vuitton-n_C3_A9ono_C3_A9-bb-monogram-empreinte-leather-handbags-M46734_PM2_Front_20view-scaled.jpg\",\"datePublished\":\"2023-12-16T09:07:16+00:00\",\"dateModified\":\"2026-04-29T03:16:34+00:00\",\"description\":\"Get one of the hottest styles of the season! The Outlet Louis Vuitton M46734 N\u00e9ono\u00e9 BB Black Monogram Empreinte Studs is a top 10 member favorite on Outlet Louis Vuitton Online Store. Save on yours before they're sold out!\",\"breadcrumb\":{\"@id\":\"https:\/\/www.outletbag.us.com\/home\/product\/louis-vuitton-m46734-neonoe-bb-black-monogram-empreinte-studs\/#breadcrumb\"},\"inLanguage\":\"en-US\",\"potentialAction\":[{\"@type\":\"ReadAction\",\"target\":[\"https:\/\/www.outletbag.us.com\/home\/product\/louis-vuitton-m46734-neonoe-bb-black-monogram-empreinte-studs\/\"]}]},{\"@type\":\"ImageObject\",\"inLanguage\":\"en-US\",\"@id\":\"https:\/\/www.outletbag.us.com\/home\/product\/louis-vuitton-m46734-neonoe-bb-black-monogram-empreinte-studs\/#primaryimage\",\"url\":\"https:\/\/www.outletbag.us.com\/wp-content\/uploads\/2023\/12\/louis-vuitton-n_C3_A9ono_C3_A9-bb-monogram-empreinte-leather-handbags-M46734_PM2_Front_20view-scaled.jpg\",\"contentUrl\":\"https:\/\/www.outletbag.us.com\/wp-content\/uploads\/2023\/12\/louis-vuitton-n_C3_A9ono_C3_A9-bb-monogram-empreinte-leather-handbags-M46734_PM2_Front_20view-scaled.jpg\",\"width\":2560,\"height\":2560},{\"@type\":\"BreadcrumbList\",\"@id\":\"https:\/\/www.outletbag.us.com\/home\/product\/louis-vuitton-m46734-neonoe-bb-black-monogram-empreinte-studs\/#breadcrumb\",\"itemListElement\":[{\"@type\":\"ListItem\",\"position\":1,\"name\":\"Home\",\"item\":\"https:\/\/www.outletbag.shop\/shop\/\"},{\"@type\":\"ListItem\",\"position\":2,\"name\":\"Louis Vuitton Outlet Sale\",\"item\":\"https:\/\/www.outletbag.shop\/shop\/shop\/\"},{\"@type\":\"ListItem\",\"position\":3,\"name\":\"Louis Vuitton M46734 N\u00e9ono\u00e9 BB Black Monogram Empreinte Studs\"}]},{\"@type\":\"WebSite\",\"@id\":\"https:\/\/www.outletbag.shop\/shop\/#website\",\"url\":\"https:\/\/www.outletbag.shop\/shop\/\",\"name\":\"Louis Vuitton Outlet \u00ae\",\"description\":\"Bags Outlet \u00ae\",\"publisher\":{\"@id\":\"https:\/\/www.outletbag.shop\/shop\/#organization\"},\"alternateName\":\"Lv Outlet\",\"potentialAction\":[{\"@type\":\"SearchAction\",\"target\":{\"@type\":\"EntryPoint\",\"urlTemplate\":\"https:\/\/www.outletbag.shop\/shop\/?s={search_term_string}\"},\"query-input\":{\"@type\":\"PropertyValueSpecification\",\"valueRequired\":true,\"valueName\":\"search_term_string\"}}],\"inLanguage\":\"en-US\"},{\"@type\":[\"Organization\",\"Place\",\"ShoppingCenter\"],\"@id\":\"https:\/\/www.outletbag.shop\/shop\/#organization\",\"name\":\"Louis Vuitton Outlet\",\"alternateName\":\"Lv Outlet\",\"url\":\"https:\/\/www.outletbag.shop\/shop\/\",\"logo\":{\"@id\":\"https:\/\/www.outletbag.us.com\/home\/product\/louis-vuitton-m46734-neonoe-bb-black-monogram-empreinte-studs\/#local-main-organization-logo\"},\"image\":{\"@id\":\"https:\/\/www.outletbag.us.com\/home\/product\/louis-vuitton-m46734-neonoe-bb-black-monogram-empreinte-studs\/#local-main-organization-logo\"},\"publishingPrinciples\":\"https:\/\/www.outletbag.shop\/shop\/faq\/\",\"ownershipFundingInfo\":\"https:\/\/www.outletbag.shop\/shop\/contact-us\/\",\"address\":{\"@id\":\"https:\/\/www.outletbag.us.com\/home\/product\/louis-vuitton-m46734-neonoe-bb-black-monogram-empreinte-studs\/#local-main-place-address\"},\"telephone\":[],\"openingHoursSpecification\":[{\"@type\":\"OpeningHoursSpecification\",\"dayOfWeek\":[\"Monday\",\"Tuesday\",\"Wednesday\",\"Thursday\",\"Friday\",\"Saturday\",\"Sunday\"],\"opens\":\"09:00\",\"closes\":\"20:00\"}],\"email\":\"servicebags711@gmail.com\",\"areaServed\":\"US,CA,EU,AU\",\"priceRange\":\"$\",\"paymentAccepted\":\"Paypal\"},{\"@type\":\"PostalAddress\",\"@id\":\"https:\/\/www.outletbag.us.com\/home\/product\/louis-vuitton-m46734-neonoe-bb-black-monogram-empreinte-studs\/#local-main-place-address\",\"streetAddress\":\"1949 W Corporate Way #11282\",\"addressLocality\":\"Anaheim\",\"postalCode\":\"92801\",\"addressRegion\":\"California\",\"addressCountry\":\"US\"},{\"@type\":\"ImageObject\",\"inLanguage\":\"en-US\",\"@id\":\"https:\/\/www.outletbag.us.com\/home\/product\/louis-vuitton-m46734-neonoe-bb-black-monogram-empreinte-studs\/#local-main-organization-logo\",\"url\":\"https:\/\/www.outletbag.us.com\/wp-content\/uploads\/2025\/12\/louis_vuitton_outlet.png\",\"contentUrl\":\"https:\/\/www.outletbag.us.com\/wp-content\/uploads\/2025\/12\/louis_vuitton_outlet.png\",\"width\":2516,\"height\":956,\"caption\":\"Louis Vuitton Outlet\"}]}<\/script>\n<meta property=\"product:brand\" content=\"Louis Vuitton\" \/>\n<meta property=\"product:price:amount\" content=\"215.00\" \/>\n<meta property=\"product:price:currency\" content=\"USD\" \/>\n<meta property=\"og:availability\" content=\"instock\" \/>\n<meta property=\"product:availability\" content=\"instock\" \/>\n<meta property=\"product:retailer_item_id\" content=\"M46734\" \/>\n<meta property=\"product:condition\" content=\"new\" \/>\n<meta name=\"geo.placename\" content=\"Anaheim\" \/>\n<meta name=\"geo.region\" content=\"United States (US)\" \/>\n<!-- \/ Yoast SEO Premium plugin. -->","yoast_head_json":{"title":"Outlet Louis Vuitton M46734 N\u00e9ono\u00e9 BB Black Monogram Empreinte Studs On Sale - Bags Outlet \u00ae","description":"Get one of the hottest styles of the season! The Outlet Louis Vuitton M46734 N\u00e9ono\u00e9 BB Black Monogram Empreinte Studs is a top 10 member favorite on Outlet Louis Vuitton Online Store. Save on yours before they're sold out!","robots":{"index":"index","follow":"follow","max-snippet":"max-snippet:-1","max-image-preview":"max-image-preview:large","max-video-preview":"max-video-preview:-1"},"canonical":"https:\/\/www.outletbag.us.com\/home\/product\/louis-vuitton-m46734-neonoe-bb-black-monogram-empreinte-studs\/","og_locale":"en_US","og_type":"article","og_title":"Outlet Louis Vuitton M46734 N\u00e9ono\u00e9 BB Black Monogram Empreinte Studs On Sale - Bags Outlet \u00ae","og_description":"Get one of the hottest styles of the season! The Outlet Louis Vuitton M46734 N\u00e9ono\u00e9 BB Black Monogram Empreinte Studs is a top 10 member favorite on Outlet Louis Vuitton Online Store. Save on yours before they're sold out!","og_url":"https:\/\/www.outletbag.us.com\/home\/product\/louis-vuitton-m46734-neonoe-bb-black-monogram-empreinte-studs\/","og_site_name":"Bags Outlet \u00ae","article_modified_time":"2026-04-29T03:16:34+00:00","og_image":[{"width":2560,"height":2560,"url":"https:\/\/www.outletbag.us.com\/wp-content\/uploads\/2023\/12\/louis-vuitton-n_C3_A9ono_C3_A9-bb-monogram-empreinte-leather-handbags-M46734_PM2_Front_20view-scaled.jpg","type":"image\/jpeg"}],"twitter_card":"summary_large_image","schema":{"@context":"https:\/\/schema.org","@graph":[{"@type":["WebPage","ItemPage"],"@id":"https:\/\/www.outletbag.us.com\/home\/product\/louis-vuitton-m46734-neonoe-bb-black-monogram-empreinte-studs\/","url":"https:\/\/www.outletbag.us.com\/home\/product\/louis-vuitton-m46734-neonoe-bb-black-monogram-empreinte-studs\/","name":"Outlet Louis Vuitton M46734 N\u00e9ono\u00e9 BB Black Monogram Empreinte Studs On Sale - Bags Outlet \u00ae","isPartOf":{"@id":"https:\/\/www.outletbag.shop\/shop\/#website"},"primaryImageOfPage":{"@id":"https:\/\/www.outletbag.us.com\/home\/product\/louis-vuitton-m46734-neonoe-bb-black-monogram-empreinte-studs\/#primaryimage"},"image":{"@id":"https:\/\/www.outletbag.us.com\/home\/product\/louis-vuitton-m46734-neonoe-bb-black-monogram-empreinte-studs\/#primaryimage"},"thumbnailUrl":"https:\/\/www.outletbag.us.com\/wp-content\/uploads\/2023\/12\/louis-vuitton-n_C3_A9ono_C3_A9-bb-monogram-empreinte-leather-handbags-M46734_PM2_Front_20view-scaled.jpg","datePublished":"2023-12-16T09:07:16+00:00","dateModified":"2026-04-29T03:16:34+00:00","description":"Get one of the hottest styles of the season! The Outlet Louis Vuitton M46734 N\u00e9ono\u00e9 BB Black Monogram Empreinte Studs is a top 10 member favorite on Outlet Louis Vuitton Online Store. Save on yours before they're sold out!","breadcrumb":{"@id":"https:\/\/www.outletbag.us.com\/home\/product\/louis-vuitton-m46734-neonoe-bb-black-monogram-empreinte-studs\/#breadcrumb"},"inLanguage":"en-US","potentialAction":[{"@type":"ReadAction","target":["https:\/\/www.outletbag.us.com\/home\/product\/louis-vuitton-m46734-neonoe-bb-black-monogram-empreinte-studs\/"]}]},{"@type":"ImageObject","inLanguage":"en-US","@id":"https:\/\/www.outletbag.us.com\/home\/product\/louis-vuitton-m46734-neonoe-bb-black-monogram-empreinte-studs\/#primaryimage","url":"https:\/\/www.outletbag.us.com\/wp-content\/uploads\/2023\/12\/louis-vuitton-n_C3_A9ono_C3_A9-bb-monogram-empreinte-leather-handbags-M46734_PM2_Front_20view-scaled.jpg","contentUrl":"https:\/\/www.outletbag.us.com\/wp-content\/uploads\/2023\/12\/louis-vuitton-n_C3_A9ono_C3_A9-bb-monogram-empreinte-leather-handbags-M46734_PM2_Front_20view-scaled.jpg","width":2560,"height":2560},{"@type":"BreadcrumbList","@id":"https:\/\/www.outletbag.us.com\/home\/product\/louis-vuitton-m46734-neonoe-bb-black-monogram-empreinte-studs\/#breadcrumb","itemListElement":[{"@type":"ListItem","position":1,"name":"Home","item":"https:\/\/www.outletbag.shop\/shop\/"},{"@type":"ListItem","position":2,"name":"Louis Vuitton Outlet Sale","item":"https:\/\/www.outletbag.shop\/shop\/shop\/"},{"@type":"ListItem","position":3,"name":"Louis Vuitton M46734 N\u00e9ono\u00e9 BB Black Monogram Empreinte Studs"}]},{"@type":"WebSite","@id":"https:\/\/www.outletbag.shop\/shop\/#website","url":"https:\/\/www.outletbag.shop\/shop\/","name":"Louis Vuitton Outlet \u00ae","description":"Bags Outlet \u00ae","publisher":{"@id":"https:\/\/www.outletbag.shop\/shop\/#organization"},"alternateName":"Lv Outlet","potentialAction":[{"@type":"SearchAction","target":{"@type":"EntryPoint","urlTemplate":"https:\/\/www.outletbag.shop\/shop\/?s={search_term_string}"},"query-input":{"@type":"PropertyValueSpecification","valueRequired":true,"valueName":"search_term_string"}}],"inLanguage":"en-US"},{"@type":["Organization","Place","ShoppingCenter"],"@id":"https:\/\/www.outletbag.shop\/shop\/#organization","name":"Louis Vuitton Outlet","alternateName":"Lv Outlet","url":"https:\/\/www.outletbag.shop\/shop\/","logo":{"@id":"https:\/\/www.outletbag.us.com\/home\/product\/louis-vuitton-m46734-neonoe-bb-black-monogram-empreinte-studs\/#local-main-organization-logo"},"image":{"@id":"https:\/\/www.outletbag.us.com\/home\/product\/louis-vuitton-m46734-neonoe-bb-black-monogram-empreinte-studs\/#local-main-organization-logo"},"publishingPrinciples":"https:\/\/www.outletbag.shop\/shop\/faq\/","ownershipFundingInfo":"https:\/\/www.outletbag.shop\/shop\/contact-us\/","address":{"@id":"https:\/\/www.outletbag.us.com\/home\/product\/louis-vuitton-m46734-neonoe-bb-black-monogram-empreinte-studs\/#local-main-place-address"},"telephone":[],"openingHoursSpecification":[{"@type":"OpeningHoursSpecification","dayOfWeek":["Monday","Tuesday","Wednesday","Thursday","Friday","Saturday","Sunday"],"opens":"09:00","closes":"20:00"}],"email":"servicebags711@gmail.com","areaServed":"US,CA,EU,AU","priceRange":"$","paymentAccepted":"Paypal"},{"@type":"PostalAddress","@id":"https:\/\/www.outletbag.us.com\/home\/product\/louis-vuitton-m46734-neonoe-bb-black-monogram-empreinte-studs\/#local-main-place-address","streetAddress":"1949 W Corporate Way #11282","addressLocality":"Anaheim","postalCode":"92801","addressRegion":"California","addressCountry":"US"},{"@type":"ImageObject","inLanguage":"en-US","@id":"https:\/\/www.outletbag.us.com\/home\/product\/louis-vuitton-m46734-neonoe-bb-black-monogram-empreinte-studs\/#local-main-organization-logo","url":"https:\/\/www.outletbag.us.com\/wp-content\/uploads\/2025\/12\/louis_vuitton_outlet.png","contentUrl":"https:\/\/www.outletbag.us.com\/wp-content\/uploads\/2025\/12\/louis_vuitton_outlet.png","width":2516,"height":956,"caption":"Louis Vuitton Outlet"}]},"product_brand":"Louis Vuitton","product_price_amount":"215.00","product_price_currency":"USD","og_availability":"instock","product_availability":"instock","product_retailer_item_id":"M46734","product_condition":"new","geo.placename":"Anaheim","geo.region":"United States (US)"},"_links":{"self":[{"href":"https:\/\/www.outletbag.us.com\/home\/wp-json\/wp\/v2\/product\/19307","targetHints":{"allow":["GET"]}}],"collection":[{"href":"https:\/\/www.outletbag.us.com\/home\/wp-json\/wp\/v2\/product"}],"about":[{"href":"https:\/\/www.outletbag.us.com\/home\/wp-json\/wp\/v2\/types\/product"}],"version-history":[{"count":0,"href":"https:\/\/www.outletbag.us.com\/home\/wp-json\/wp\/v2\/product\/19307\/revisions"}],"wp:featuredmedia":[{"embeddable":true,"href":"https:\/\/www.outletbag.us.com\/home\/wp-json\/wp\/v2\/media\/19314"}],"wp:attachment":[{"href":"https:\/\/www.outletbag.us.com\/home\/wp-json\/wp\/v2\/media?parent=19307"}],"wp:term":[{"taxonomy":"product_brand","embeddable":true,"href":"https:\/\/www.outletbag.us.com\/home\/wp-json\/wp\/v2\/product_brand?post=19307"},{"taxonomy":"product_cat","embeddable":true,"href":"https:\/\/www.outletbag.us.com\/home\/wp-json\/wp\/v2\/product_cat?post=19307"},{"taxonomy":"product_tag","embeddable":true,"href":"https:\/\/www.outletbag.us.com\/home\/wp-json\/wp\/v2\/product_tag?post=19307"}],"curies":[{"name":"wp","href":"https:\/\/api.w.org\/{rel}","templated":true}]}}